{"id":606,"date":"2019-10-26T17:40:07","date_gmt":"2019-10-26T15:40:07","guid":{"rendered":"https:\/\/dobrzyniewo.archibial.pl\/?page_id=606"},"modified":"2019-11-08T09:49:19","modified_gmt":"2019-11-08T08:49:19","slug":"obrazy","status":"publish","type":"page","link":"https:\/\/dobrzyniewo.archibial.pl\/index.php\/zabytki\/kosciol\/obrazy\/","title":{"rendered":"Obrazy"},"content":{"rendered":"\n<p><strong>Do rejestru zabytk\u00f3w wojew\u00f3dztwa podlaskiego w roku 2003 wpisano zabytki ruchome stanowi\u0105ce cz\u0119\u015b\u0107 wyposarzenia i wystroju ko\u015bcio\u0142a parafialnego p.w. Zwiastowania NMP w Dobrzyniewie Ko\u015bcielnym. <\/strong><\/p>\n\n\n\n<p><strong>OBRAZ &#8211; ZWIASTOWANIE NAJ\u015aWI\u0118TSZEJ MARYI PANNY  <\/strong>           <\/p>\n\n\n\n<figure class=\"wp-block-image\"><img loading=\"lazy\" decoding=\"async\" width=\"300\" height=\"434\" src=\"https:\/\/dobrzyniewo.archibial.pl\/wp-content\/uploads\/2019\/11\/obrazZwiastowanie.jpg\" alt=\"\" class=\"wp-image-2206\" srcset=\"https:\/\/dobrzyniewo.archibial.pl\/wp-content\/uploads\/2019\/11\/obrazZwiastowanie.jpg 300w, https:\/\/dobrzyniewo.archibial.pl\/wp-content\/uploads\/2019\/11\/obrazZwiastowanie-207x300.jpg 207w\" sizes=\"auto, (max-width: 300px) 100vw, 300px\" \/><figcaption>Czas powstania: <strong>ok 1912 &#8211; 1915 rok<\/strong><br> Autor: <strong>J\u00f3zef Ba\u0142zukiewicz, Wilno<\/strong><br> Materia\u0142: <strong>p\u0142\u00f3tno, olej &#8211; obraz; drewno, snycerka, z\u0142ocenia &#8211; rama<\/strong><br>Umiejscowienie w ko\u015bciele: <strong>pole g\u0142\u00f3wne nastawy o\u0142tarza g\u0142\u00f3wnego<\/strong> <\/figcaption><\/figure>\n\n\n\n<p>Obraz zam\u00f3wiony przez ks. Antoniego \u015awila proboszcza dobrzyniewskiego (1912-1924).<br> Obraz prostok\u0105tny g\u00f3r\u0105 zamkni\u0119ty p\u00f3\u0142koli\u015bcie. Scena dwupostaciowa.<br> Z prawej strony kl\u0119cz\u0105ca Maryja ze z\u0142o\u017conymi na piersiach r\u0119koma i g\u0142ow\u0105 zwr\u00f3con\u0105 w stron\u0119 zbli\u017caj\u0105cego si\u0119 na ob\u0142oku Anio\u0142a Gabriela. Nad ich g\u0142owami bia\u0142oszara posta\u0107 Go\u0142\u0119bicy z odchodz\u0105cymi w d\u00f3\u0142 jasnymi promieniami.<br> Matka Boska w jasnoczerwonej sukni os\u0142oni\u0119ta ciemnoniebieskim p\u0142aszczem. W\u0142osy br\u0105zowo-ugrowe nakryte bia\u0142\u0105 z odcieniami bladoniebieskoszarymi chust\u0105.<br> Z lewej strony Anio\u0142 ukazany w profilu z lew\u0105 r\u0119k\u0105 uniesion\u0105, w prawej trzymaj\u0105cy ga\u0142\u0105zk\u0119 lilii. Twarz o jasnej karnacji, w\u0142osy rude. Ubrany w ugrow\u0105 sukienk\u0119 i p\u0142aszcz br\u0105zowy z r\u00f3\u017cowymi odcieniami. Skrzyd\u0142a du\u017ce, szare.<br> Przy Maryi na pulpicie br\u0105zowego kl\u0119cznika roz\u0142o\u017cona ksi\u0105\u017cka. Ob\u0142oki szare przechodz\u0105ce w br\u0105zowe i szarougrowo-oliwkowe, w g\u00f3rze szaro-jasnoniebieskie i jasnoniebieskie, w\u015br\u00f3d kt\u00f3rych wychylaj\u0105ce si\u0119 g\u0142\u00f3wki anio\u0142\u00f3w o karnacjach w kolorach kremowougrowych i r\u00f3\u017cowych.<br> Rama drewniana, profilowana z ornamentem, p\u00f3\u0142plastycznym o motywach geometrycznych, z\u0142ocona.<\/p>\n\n\n\n<p><strong>OBRAZ &#8211; \u015aW. MARIA MAGDALENA  <\/strong>           <\/p>\n\n\n\n<figure class=\"wp-block-image\"><img loading=\"lazy\" decoding=\"async\" width=\"300\" height=\"419\" src=\"https:\/\/dobrzyniewo.archibial.pl\/wp-content\/uploads\/2019\/11\/obrazSwMariaMagdalena.jpg\" alt=\"\" class=\"wp-image-2208\" srcset=\"https:\/\/dobrzyniewo.archibial.pl\/wp-content\/uploads\/2019\/11\/obrazSwMariaMagdalena.jpg 300w, https:\/\/dobrzyniewo.archibial.pl\/wp-content\/uploads\/2019\/11\/obrazSwMariaMagdalena-215x300.jpg 215w\" sizes=\"auto, (max-width: 300px) 100vw, 300px\" \/><figcaption>Czas powstania: <strong>po 1912 roku<\/strong><br> Autor: <strong>J\u00f3zef Ba\u0142zukiewicz , Wilno<\/strong><br>Materia\u0142: <strong>p\u0142\u00f3tno, olej &#8211; obraz; drewno, snycerka, z\u0142ocenia &#8211; rama<\/strong><br>Umiejscowienie w ko\u015bciele: <strong>pole g\u0142\u00f3wne nastawy o\u0142tarza bocznego p.w. \u015aw. Maryi                     Magdaleny, lewa nawa<\/strong> <\/figcaption><\/figure>\n\n\n\n<p>Obraz powsta\u0142 staraniem proboszcza dobrzyniewskiego ks. Antoniego \u015awila \/1912 -1924\/.<br>\nPosta\u0107 m\u0142odej kobiety na tle krajobrazu.<br>\n\u015awi\u0119ta siedz\u0105ca na ska\u0142ach, przy skalnym pulpicie, widoczna en face z g\u0142ow\u0105 przechylon\u0105 na prawe rami\u0119, r\u0119kami z\u0142o\u017conymi na czaszce, w lewej d\u0142oni trzymaj\u0105ca krzy\u017c.<br>\nTwarz owalna, zamy\u015blona, oczy wzniesione ku g\u00f3rze, bujne, rude w\u0142osy, sfalowane, opadaj\u0105ce na ramiona. Szaty d\u0142ugie, sfa\u0142dowane. Suknia ugrowa z szerokimi r\u0119kawami z g\u0142\u0119bokim ci\u0119ciem ods\u0142aniaj\u0105cym szyj\u0119, p\u0142aszcz ugrowo br\u0105zowy opadaj\u0105cy fa\u0142dami, spod kt\u00f3rego widoczna bosa stopa.<br>\nNa skale roz\u0142o\u017cona ksi\u0119ga. Przy stopach stoj\u0105cy dzban. W oddali szarobr\u0105zowy pejza\u017c z odcieniami zieleni i fioletu. Ska\u0142y szaroniebieskie, szare i b\u0142\u0119kitne.<br>\nRama drewniana, profilowana, z\u0142ocona.<\/p>\n\n\n\n<p><strong>OBRAZ &#8211; MA\u0141A \u015aWI\u0118TA RODZINA   <\/strong>          <\/p>\n\n\n\n<figure class=\"wp-block-image\"><img loading=\"lazy\" decoding=\"async\" width=\"300\" height=\"305\" src=\"https:\/\/dobrzyniewo.archibial.pl\/wp-content\/uploads\/2019\/11\/sw.rodzina.jpg\" alt=\"\" class=\"wp-image-2211\" srcset=\"https:\/\/dobrzyniewo.archibial.pl\/wp-content\/uploads\/2019\/11\/sw.rodzina.jpg 300w, https:\/\/dobrzyniewo.archibial.pl\/wp-content\/uploads\/2019\/11\/sw.rodzina-295x300.jpg 295w\" sizes=\"auto, (max-width: 300px) 100vw, 300px\" \/><figcaption>Czas powstania: <strong>po 1912 roku<\/strong><br> Autor: <strong>J\u00f3zef Ba\u0142zukiewicz , Wilno<\/strong><br>Materia\u0142: <strong>p\u0142\u00f3tno, olej &#8211; obraz; drewno, snycerka, z\u0142ocenia &#8211; rama<\/strong><br>Umiejscowienie w ko\u015bciele: <strong>pole g\u0142\u00f3wne nastawy o\u0142tarza bocznego p.w. \u015aw. Maryi                     Magdaleny, lewa nawa<\/strong>  <\/figcaption><\/figure>\n\n\n\n<p>W cz\u0119\u015bci \u015brodkowej na kolanach Matki Boskiej podtrzymywany praw\u0105 r\u0119k\u0105 siedzi Jezus, odziany w bia\u0142\u0105 koszul\u0119 z aureol\u0105 wok\u00f3\u0142 g\u0142owy.<br>\nMaria ubrana w czerwon\u0105 koszul\u0119 opadaj\u0105c\u0105 do samej ziemi silnie drapowana, z narzuconym granatowym p\u0142aszczem. Na g\u0142owie bia\u0142a chusta.<br>\nPosta\u0107 J\u00f3zefa kl\u0119czy u boku Maryi, ze z\u0142o\u017conymi r\u0119koma. Ubrany w d\u0142ug\u0105 granatow\u0105 szat\u0119 z przerzuconym jasnym p\u0142aszczem na plecach.<br>\nW tle p\u00f3\u0142okr\u0105g\u0142a \u0142awa z oparciem. U g\u00f3ry kotara.<br>\nG\u0142owa Maryi i J\u00f3zefa dekorowana nimbem, g\u0142owa Jezusa koron\u0105.<\/p>\n\n\n\n<p><strong>OBRAZ &#8211; \u015aWI\u0118TA MARIA MAGDALENA    <\/strong>         <\/p>\n\n\n\n<figure class=\"wp-block-image\"><img loading=\"lazy\" decoding=\"async\" width=\"300\" height=\"382\" src=\"https:\/\/dobrzyniewo.archibial.pl\/wp-content\/uploads\/2019\/11\/obrazSw.MariaMZ.jpg\" alt=\"\" class=\"wp-image-2213\" srcset=\"https:\/\/dobrzyniewo.archibial.pl\/wp-content\/uploads\/2019\/11\/obrazSw.MariaMZ.jpg 300w, https:\/\/dobrzyniewo.archibial.pl\/wp-content\/uploads\/2019\/11\/obrazSw.MariaMZ-236x300.jpg 236w\" sizes=\"auto, (max-width: 300px) 100vw, 300px\" \/><figcaption>Czas powstania: <strong>pierwsza po\u0142owa XVIII wieku<\/strong><br>Materia\u0142: <strong>olej na p\u0142\u00f3tnie<\/strong><br>Umiejscowienie w ko\u015bciele: <strong>zakrystia prawa<\/strong> <\/figcaption><\/figure>\n\n\n\n<p>Posta\u0107 kl\u0119cz\u0105cej \u015bwi\u0119tej, zwr\u00f3cona ku widocznemu z lewej krucyfiksowi.<br> G\u0142owa zwr\u00f3cona ku prawemu ramieniu, lewa r\u0119ka opuszczona, odsuni\u0119ta od cia\u0142a. Ubrana w ods\u0142aniaj\u0105ca ramiona szat\u0119 z widocznym cz\u0119\u015bciowo jasnym pasem. Na lewym ramieniu p\u0142aszcz. Na ramiona i plecy sp\u0142ywaj\u0105 d\u0142ugie do kolan, lekko faliste w\u0142osy. Twarz okr\u0105g\u0142a, pe\u0142na z kr\u00f3tkim prostym nosem i ma\u0142ymi ustami. Ramiona muskularne.<br> Kolorystyka ciemna, szata ceglastoczerwone i niebieskie, t\u0142o ciemnobr\u0105zowe.<\/p>\n\n\n\n<p><strong>OBRAZ CHRZTU CHRYSTUSA Z CHRZCIELNICY  <\/strong>           <\/p>\n\n\n\n<figure class=\"wp-block-image\"><img loading=\"lazy\" decoding=\"async\" width=\"300\" height=\"158\" src=\"https:\/\/dobrzyniewo.archibial.pl\/wp-content\/uploads\/2019\/11\/obrazChrzest.jpg\" alt=\"\" class=\"wp-image-2215\"\/><figcaption>Styl: <strong>ludowy<\/strong>                 <br>Czas powstania:<strong>pocz\u0105tek XX wieku<\/strong><br>Materia\u0142: <strong>P\u0142\u00f3tno, olej<\/strong><br>Umiejscowienie w ko\u015bciele: <strong>chrzcielnica<\/strong> <\/figcaption><\/figure>\n\n\n\n<p>W centrum obrazu posta\u0107 Chrystusa w przykl\u0119ku przed Janem Chrzcicielem, kt\u00f3ry polewa g\u0142ow\u0119 Chrystusa wod\u0105 praw\u0105 r\u0119k\u0105. W lewej trzyma krzy\u017c. Nad g\u0142ow\u0105 Chrystusa promienisty symbol Ducha \u015awi\u0119tego.<br>\nNa dalszym planie: po lewej drzewa, na linii horyzontu g\u00f3ry.<\/p>\n\n\n\n<p><\/p>\n","protected":false},"excerpt":{"rendered":"<p>Do rejestru zabytk\u00f3w wojew\u00f3dztwa podlaskiego w roku 2003 wpisano zabytki ruchome stanowi\u0105ce cz\u0119\u015b\u0107 wyposarzenia i wystroju ko\u015bcio\u0142a parafialnego p.w. Zwiastowania NMP w Dobrzyniewie Ko\u015bcielnym. OBRAZ&hellip;<\/p>\n","protected":false},"author":1,"featured_media":0,"parent":487,"menu_order":0,"comment_status":"closed","ping_status":"closed","template":"","meta":{"_monsterinsights_skip_tracking":false,"_monsterinsights_sitenote_active":false,"_monsterinsights_sitenote_note":"","_monsterinsights_sitenote_category":0,"ngg_post_thumbnail":0,"footnotes":""},"class_list":["post-606","page","type-page","status-publish","hentry"],"_links":{"self":[{"href":"https:\/\/dobrzyniewo.archibial.pl\/index.php\/wp-json\/wp\/v2\/pages\/606","targetHints":{"allow":["GET"]}}],"collection":[{"href":"https:\/\/dobrzyniewo.archibial.pl\/index.php\/wp-json\/wp\/v2\/pages"}],"about":[{"href":"https:\/\/dobrzyniewo.archibial.pl\/index.php\/wp-json\/wp\/v2\/types\/page"}],"author":[{"embeddable":true,"href":"https:\/\/dobrzyniewo.archibial.pl\/index.php\/wp-json\/wp\/v2\/users\/1"}],"replies":[{"embeddable":true,"href":"https:\/\/dobrzyniewo.archibial.pl\/index.php\/wp-json\/wp\/v2\/comments?post=606"}],"version-history":[{"count":14,"href":"https:\/\/dobrzyniewo.archibial.pl\/index.php\/wp-json\/wp\/v2\/pages\/606\/revisions"}],"predecessor-version":[{"id":2216,"href":"https:\/\/dobrzyniewo.archibial.pl\/index.php\/wp-json\/wp\/v2\/pages\/606\/revisions\/2216"}],"up":[{"embeddable":true,"href":"https:\/\/dobrzyniewo.archibial.pl\/index.php\/wp-json\/wp\/v2\/pages\/487"}],"wp:attachment":[{"href":"https:\/\/dobrzyniewo.archibial.pl\/index.php\/wp-json\/wp\/v2\/media?parent=606"}],"curies":[{"name":"wp","href":"https:\/\/api.w.org\/{rel}","templated":true}]}}