{"id":585,"date":"2019-10-26T16:50:17","date_gmt":"2019-10-26T14:50:17","guid":{"rendered":"https:\/\/dobrzyniewo.archibial.pl\/?page_id=585"},"modified":"2019-11-08T09:37:01","modified_gmt":"2019-11-08T08:37:01","slug":"oltarze","status":"publish","type":"page","link":"https:\/\/dobrzyniewo.archibial.pl\/index.php\/zabytki\/kosciol\/oltarze\/","title":{"rendered":"O\u0142tarze"},"content":{"rendered":"\n<p><strong>Do rejestru zabytk\u00f3w wojew\u00f3dztwa podlaskiego w roku 2009 wpisano 14 zabytk\u00f3w ruchomych: malarstwa, rze\u017aby, p\u0142askorze\u017aby, technik z\u0142otniczych, snycerskich, powsta\u0142ych w XVIII &#8211; XIX w. i p. XXw.<br> Obiekty zabytkowe stanowi\u0105 wyposa\u017cenie i wystr\u00f3j ko\u015bcio\u0142a parafialnego p.w. Zwiastowania NMP w Dobrzyniewie Ko\u015bcielnym. <\/strong><\/p>\n\n\n\n<p><strong>O\u0141TARZ G\u0141\u00d3WNY p.w. ZWIASTOWANIA NMP   <\/strong>          <\/p>\n\n\n\n<ul class=\"wp-block-gallery columns-2 is-cropped wp-block-gallery-1 is-layout-flex wp-block-gallery-is-layout-flex\"><li class=\"blocks-gallery-item\"><figure><img loading=\"lazy\" decoding=\"async\" width=\"300\" height=\"424\" src=\"https:\/\/dobrzyniewo.archibial.pl\/wp-content\/uploads\/2019\/11\/oltarzGlowny.jpg\" alt=\"\" data-id=\"2188\" data-link=\"https:\/\/dobrzyniewo.archibial.pl\/oltarzglowny\/\" class=\"wp-image-2188\" srcset=\"https:\/\/dobrzyniewo.archibial.pl\/wp-content\/uploads\/2019\/11\/oltarzGlowny.jpg 300w, https:\/\/dobrzyniewo.archibial.pl\/wp-content\/uploads\/2019\/11\/oltarzGlowny-212x300.jpg 212w\" sizes=\"auto, (max-width: 300px) 100vw, 300px\" \/><\/figure><\/li><li class=\"blocks-gallery-item\"><figure><img loading=\"lazy\" decoding=\"async\" width=\"240\" height=\"400\" src=\"https:\/\/dobrzyniewo.archibial.pl\/wp-content\/uploads\/2019\/10\/1006a-1.jpg\" alt=\"\" data-id=\"157\" data-link=\"https:\/\/dobrzyniewo.archibial.pl\/index.php\/wirtualne-zwiedzanie\/1006a-1\/\" class=\"wp-image-157\" srcset=\"https:\/\/dobrzyniewo.archibial.pl\/wp-content\/uploads\/2019\/10\/1006a-1.jpg 240w, https:\/\/dobrzyniewo.archibial.pl\/wp-content\/uploads\/2019\/10\/1006a-1-180x300.jpg 180w\" sizes=\"auto, (max-width: 240px) 100vw, 240px\" \/><\/figure><\/li><\/ul>\n\n\n\n<p> Styl: <strong>eklektyzm<\/strong><br>Czas powstania: <strong>lata 1905-1910<\/strong><br>Materia\u0142: <strong>drewno, techniki stolarskie, snycerskie, rze\u017abiarskie, polichromia, z\u0142ocenia<\/strong><br>Umiejscowienie w ko\u015bciele: <strong>nawa g\u0142\u00f3wna<\/strong><\/p>\n\n\n\n<p>O\u0142tarz architektoniczny, dwukondygnacyjny, tr\u00f3josiowy ze zwie\u0144czeniem tr\u00f3jk\u0105tnym  z baldachimami, u podstawy mensa skrzyniowa \u2013 sarkofagowa.<br>\u015acianka frontowa \u2013 antepedium dekorowane trzema p\u0142ycinami; \u015brodkowa horyzontalna ze scen\u0105 Ostatniej wieczerzy wykonanej w formie odlewu polichromowanego, boczne  p\u0142yciny jako prostok\u0105ty wertykalne z nak\u0142adanym z\u0142oconym zdobieniem snycerskim o motywie ro\u015blinnym. P\u0142yciny oddzielone kolumienkami na postumentach.<br>Nastawa o\u0142tarzowa \u2013 retabulum, dwukondygnacjowa: I \u2013 predella, podstawa pola g\u0142\u00f3wnego, dwustopniowa z p\u0142ycinow\u0105 dekoracj\u0105 ro\u015blinn\u0105 na osiach bocznych i profilowanych, kierowanym gzymsem; II \u2013 pole g\u0142\u00f3wne retabulum na osi \u2013 zamkni\u0119te daszkiem dwuspadowym,  w nim obraz Zwiastowania NMP eksponowany w polu prostok\u0105ta wertykalnego zamkni\u0119tego \u0142ukiem pe\u0142nym wspartym na kolumienkach, boczne baldachimy, nieco ni\u017csze wsparte na kolumienkach w nich rze\u017aby \u015a\u015a Ap Piotra i Paw\u0142a; baldachimy zamkni\u0119te daszkami dwuspadowymi, \u015brodkowy dekorowany lambrekinem, boczne ze szczytami wzbogaconymi uskrzydlonymi g\u0142\u00f3wkami zmieszczonych w pi\u0119ciolistnych rozetach snycerskich, powy\u017cej palmetami ro\u015blinnymi.Zwie\u0144czenie retabulum stanowi architektoniczna konstrukcja arkadowa: na osi pod  baldachimem rze\u017aba Chrystusa, w bocznych niszach \u2013 rze\u017aby: \u015aw. Franciszek, \u015aw. Antoni, pomi\u0119dzy baldachimami anio\u0142owie, na postumentach. O\u0142tarz malowany na kolor kremowy, ornamenty i profile oraz g\u0142\u00f3wki anielskie z\u0142ocone.<\/p>\n\n\n\n<p><strong>O\u0141TARZ BOCZNY p.w. CHRYSTUSA KR\u00d3LA<\/strong><\/p>\n\n\n\n<ul class=\"wp-block-gallery columns-3 is-cropped wp-block-gallery-2 is-layout-flex wp-block-gallery-is-layout-flex\"><li class=\"blocks-gallery-item\"><figure><img loading=\"lazy\" decoding=\"async\" width=\"300\" height=\"554\" src=\"https:\/\/dobrzyniewo.archibial.pl\/wp-content\/uploads\/2019\/11\/otarzChrystusKrola.jpg\" alt=\"\" data-id=\"2192\" data-link=\"https:\/\/dobrzyniewo.archibial.pl\/otarzchrystuskrola\/\" class=\"wp-image-2192\" srcset=\"https:\/\/dobrzyniewo.archibial.pl\/wp-content\/uploads\/2019\/11\/otarzChrystusKrola.jpg 300w, https:\/\/dobrzyniewo.archibial.pl\/wp-content\/uploads\/2019\/11\/otarzChrystusKrola-162x300.jpg 162w\" sizes=\"auto, (max-width: 300px) 100vw, 300px\" \/><\/figure><\/li><li class=\"blocks-gallery-item\"><figure><img loading=\"lazy\" decoding=\"async\" width=\"200\" height=\"200\" src=\"https:\/\/dobrzyniewo.archibial.pl\/wp-content\/uploads\/2012\/10\/143.jpg\" alt=\"\" data-id=\"2010\" data-link=\"https:\/\/dobrzyniewo.archibial.pl\/index.php\/2012\/10\/05\/zakonczono-konserwacje-zabytkowego-oltarza-bocznego-i-zabytkowych-organow\/attachment\/143\/\" class=\"wp-image-2010\" srcset=\"https:\/\/dobrzyniewo.archibial.pl\/wp-content\/uploads\/2012\/10\/143.jpg 200w, https:\/\/dobrzyniewo.archibial.pl\/wp-content\/uploads\/2012\/10\/143-150x150.jpg 150w\" sizes=\"auto, (max-width: 200px) 100vw, 200px\" \/><\/figure><\/li><li class=\"blocks-gallery-item\"><figure><img loading=\"lazy\" decoding=\"async\" width=\"240\" height=\"400\" src=\"https:\/\/dobrzyniewo.archibial.pl\/wp-content\/uploads\/2019\/10\/1006j.jpg\" alt=\"\" data-id=\"105\" data-link=\"https:\/\/dobrzyniewo.archibial.pl\/1006j\/\" class=\"wp-image-105\" srcset=\"https:\/\/dobrzyniewo.archibial.pl\/wp-content\/uploads\/2019\/10\/1006j.jpg 240w, https:\/\/dobrzyniewo.archibial.pl\/wp-content\/uploads\/2019\/10\/1006j-180x300.jpg 180w\" sizes=\"auto, (max-width: 240px) 100vw, 240px\" \/><\/figure><\/li><\/ul>\n\n\n\n<ul class=\"wp-block-gallery columns-0 is-cropped wp-block-gallery-3 is-layout-flex wp-block-gallery-is-layout-flex\"><\/ul>\n\n\n\n<p> Styl: <strong>eklektyzm<\/strong><br>Czas powstania: <strong>pocz\u0105tek XX wieku<\/strong><br>Materia\u0142: <strong>drewno, techniki stolarskie, snycerskie, rze\u017abiarskie, polichromia, z\u0142ocenia<\/strong><br>Umiejscowienie w ko\u015bciele: <strong>o\u0142tarz boczny, prawa nawa<\/strong><\/p>\n\n\n\n<p>O\u0142tarz architektoniczny, tr\u00f3jkondygnacyjny, tr\u00f3josiowy ze zwi\u0119czeniem tr\u00f3jk\u0105tnym i mens\u0105 skrzywion\u0105 &#8211; sarkofagow\u0105.<br> Antepodium o bokach trapezowato zw\u0119\u017caj\u0105cych si\u0119 ku do\u0142owi, dekorowane profilowan\u0105 p\u0142ycin\u0105 i nak\u0142adanym z\u0142oconym zdobieniem snycerskim &#8211; ga\u0142\u0105zki akantu w centrum.<br> W predelii nastawy 4 prostok\u0105tne coko\u0142y dekorowane z\u0142oconymi motywami ro\u015blinnymi w kompozycji owalnej. Miedzy coko\u0142ami wn\u0119ki g\u0142adkie. Powy\u017cej predelii gierowany, profilowany gzyms na kt\u00f3rym z obu stron pary kolumn o kompozytowych g\u0142owicach i kanelowanych do po\u0142owy wysoko\u015bci trzonach.<br> Pomi\u0119dzy parami kolumn postumenty i rze\u017aby barokowe: \u015a\u015a Aposto\u0142\u00f3w Piotra i Paw\u0142a. Na kolumnach architraw rozbudowany unosz\u0105cy II kondygnacj\u0119 nastawy. Belkowanie dekoracyjne &#8211; na osi kolumn kostki z dekoracj\u0105 ro\u015blinn\u0105 przypominaj\u0105ce tryglify, pomi\u0119dzy kt\u00f3rymi w niszach ruchome popiersia \u017ce\u0144skie &#8211; metopy, powy\u017cej profilowany gzyms z guttami.<br> W g\u00f3rze na osi interkolumni\u00f3w kanelowane do po\u0142owy wysoko\u015bci pilastry o kompozytowych g\u0142owicach. Miedzy parami pilastr\u00f3w konsole podtrzymuj\u0105ce barokowe rze\u017aby biskup\u00f3w.<br> Przy konsolach na gzymsie dwa barokowe putta. Nad pilastrami kolumn p\u0142aski, przerywany gzyms dekorowany p\u0142askorze\u017abionymi g\u0142\u00f3wkami. Na kra\u0144cach gzymsu dwie figurki barokowych putt.<br> Zwie\u0144czenie tr\u00f3jk\u0105tne z wolutami i krzy\u017cem. W polu centralnym I kondygnacji rze\u017aba Chrystusa Kr\u00f3la, II kondygnacji obraz Ukrzy\u017cowania.<br> O\u0142tarz malowany na kolor kremowy, ornamenty, profile i kanele z\u0142ocone.<\/p>\n\n\n\n<p><strong>O\u0141TARZ BOCZNY p.w. MATKI BO\u017bEJ R\u00d3\u017bA\u0143COWEJ<\/strong><\/p>\n\n\n\n<ul class=\"wp-block-gallery columns-2 is-cropped wp-block-gallery-4 is-layout-flex wp-block-gallery-is-layout-flex\"><li class=\"blocks-gallery-item\"><figure><img loading=\"lazy\" decoding=\"async\" width=\"300\" height=\"481\" src=\"https:\/\/dobrzyniewo.archibial.pl\/wp-content\/uploads\/2019\/11\/oltarzBocznyRozancowej.jpg\" alt=\"\" data-id=\"2195\" data-link=\"https:\/\/dobrzyniewo.archibial.pl\/oltarzbocznyrozancowej\/\" class=\"wp-image-2195\" srcset=\"https:\/\/dobrzyniewo.archibial.pl\/wp-content\/uploads\/2019\/11\/oltarzBocznyRozancowej.jpg 300w, https:\/\/dobrzyniewo.archibial.pl\/wp-content\/uploads\/2019\/11\/oltarzBocznyRozancowej-187x300.jpg 187w\" sizes=\"auto, (max-width: 300px) 100vw, 300px\" \/><\/figure><\/li><li class=\"blocks-gallery-item\"><figure><img loading=\"lazy\" decoding=\"async\" width=\"240\" height=\"400\" src=\"https:\/\/dobrzyniewo.archibial.pl\/wp-content\/uploads\/2019\/10\/1010b-1.jpg\" alt=\"\" data-id=\"174\" data-link=\"https:\/\/dobrzyniewo.archibial.pl\/index.php\/wirtualne-zwiedzanie\/1010b-1\/\" class=\"wp-image-174\" srcset=\"https:\/\/dobrzyniewo.archibial.pl\/wp-content\/uploads\/2019\/10\/1010b-1.jpg 240w, https:\/\/dobrzyniewo.archibial.pl\/wp-content\/uploads\/2019\/10\/1010b-1-180x300.jpg 180w\" sizes=\"auto, (max-width: 240px) 100vw, 240px\" \/><\/figure><\/li><\/ul>\n\n\n\n<p>Styl: <strong>neoklasycyzm<\/strong><br> Czas powstania: <strong>pocz\u0105tek XX wieku<\/strong><br>Materia\u0142: <strong>drewno, techniki stolarskie, snycerskie (a\u017curowe, nak\u0142adane detale                     dekoracyjne), polichromia, z\u0142ocenie<\/strong><br>Umiejscowienie w ko\u015bciele: <strong>o\u0142tarz boczny, lewa nawa<\/strong><\/p>\n\n\n\n<p>O\u0142tarz architektoniczny jednokondygnacyjny ze zwie\u0144czeniem p\u00f3\u0142kolistym i mensa skrzyniow\u0105 sarkofagow\u0105.<br>\nAntepedium lekko wyoblone w dole, dekorowane prostok\u0105tami p\u0142ycinami o wyokr\u0105glonych do wn\u0119trza kra\u0144cach, podkre\u015blone z\u0142oconym cienkim wa\u0142eczkiem, w centrum dekoracyjny Mariogram.<br>\nW predelli nastawy 2 prostok\u0105tne coko\u0142y z p\u0142ycinami analogicznymi do antepedium w kt\u00f3rych motyw podwieszanej kotary. Miedzy coko\u0142ami wn\u0119ka z konsol\u0105.<br>\nPowy\u017cej predelli profilowany, \u0142amany gzyms na kt\u00f3rym z obu stron pary g\u0142adkich kolumn z entazie w stylu doryckim na wysokich coko\u0142ach. Mi\u0119dzy parami kolumny pole g\u0142\u00f3wne z obrazem Matki Bo\u017cej z Dzieci\u0105tkiem i \u015aw. Antonim w ramie. Na kolumnach p\u0142aski, przerywany gzyms unosz\u0105cy zwie\u0144czenie p\u00f3\u0142koliste obramowane listwa profilowana i dekoracyjn\u0105 kostk\u0105 \u2013 guttami.<br>\nPo bokach zwie\u0144czenie i postumentach dwa popiersia m\u0119skie. W polu zwie\u0144czenie obrazu \u015aw. Antoniego Padewskiego z Dzieci\u0105tkiem.<br>\nObraz malowany na kolor kremowy, ornamenty, profile i kanele z\u0142ocone.<\/p>\n\n\n\n<p><strong>O\u0141TARZ BOCZNY p.w. \u015aW. MARII MAGDALENY  <\/strong>           <\/p>\n\n\n\n<ul class=\"wp-block-gallery columns-2 is-cropped wp-block-gallery-5 is-layout-flex wp-block-gallery-is-layout-flex\"><li class=\"blocks-gallery-item\"><figure><img loading=\"lazy\" decoding=\"async\" width=\"300\" height=\"522\" src=\"https:\/\/dobrzyniewo.archibial.pl\/wp-content\/uploads\/2019\/11\/oltarzSwMariiMagdaleny.jpg\" alt=\"\" data-id=\"2199\" data-link=\"https:\/\/dobrzyniewo.archibial.pl\/oltarzswmariimagdaleny\/\" class=\"wp-image-2199\" srcset=\"https:\/\/dobrzyniewo.archibial.pl\/wp-content\/uploads\/2019\/11\/oltarzSwMariiMagdaleny.jpg 300w, https:\/\/dobrzyniewo.archibial.pl\/wp-content\/uploads\/2019\/11\/oltarzSwMariiMagdaleny-172x300.jpg 172w\" sizes=\"auto, (max-width: 300px) 100vw, 300px\" \/><\/figure><\/li><li class=\"blocks-gallery-item\"><figure><img loading=\"lazy\" decoding=\"async\" width=\"240\" height=\"400\" src=\"https:\/\/dobrzyniewo.archibial.pl\/wp-content\/uploads\/2019\/10\/1010c-1.jpg\" alt=\"\" data-id=\"175\" data-link=\"https:\/\/dobrzyniewo.archibial.pl\/index.php\/wirtualne-zwiedzanie\/1010c-1\/\" class=\"wp-image-175\" srcset=\"https:\/\/dobrzyniewo.archibial.pl\/wp-content\/uploads\/2019\/10\/1010c-1.jpg 240w, https:\/\/dobrzyniewo.archibial.pl\/wp-content\/uploads\/2019\/10\/1010c-1-180x300.jpg 180w\" sizes=\"auto, (max-width: 240px) 100vw, 240px\" \/><\/figure><\/li><\/ul>\n\n\n\n<p>Styl: <strong>neoklasycyzm<\/strong><br>Czas powstania: <strong>pocz. XX wieku<\/strong><br>Materia\u0142: <strong>drewno, techniki stolarskie, snycerskie, rze\u017abiarskie (elementy rze\u017abiarskie                     \u2013 g\u0142owice kolumn, snycerskie \u2013 a\u017curowe, nak\u0142adane i wie\u0144czone detale dekoracyjne)                     polichromia, z\u0142ocenie<\/strong><br>Umiejscowienie w ko\u015bciele: <strong>o\u0142tarza bocznego, lewa nawa<\/strong><\/p>\n\n\n\n<p>O\u0142tarz architektoniczny, jednokondygnacyjny, jednoosiowy ze zwie\u0144czeniem rze\u017abiarskim i mens\u0105 skrzyniow\u0105 \u2013 sarkofagow\u0105 ob\u0142ych kszta\u0142t\u00f3w.<br> Antepedium o linii falistej dekorowane p\u0142ycinami zbli\u017conymi do prostok\u0105t\u00f3w o falistej czasami \u0142amanej linii: od frontu \u015brodkowa cz\u0119\u015b\u0107 w\u0105ska, boczne zbli\u017cone do kwadrat\u00f3w.<br> W centrum mosi\u0119\u017cna p\u0142ytka z grawerem fundatora\/ Ofiara\/ J\u00f3zefa\/ Kuleszy\/ z Pogo\u017ca\u0142ek\/.<br> W predelli nastawy 2 prostok\u0105tne coko\u0142y z owalnymi p\u0142ycinami dekoracja snycersk\u0105 o motywie ro\u015blinnym. Mi\u0119dzy coko\u0142ami w pasie predelli skrzyniowe tabernakulum.<br> Powy\u017cej predelli profilowany, \u0142amany gzyms na kt\u00f3rym z obu stron 2 kolumny o kompozytowych g\u0142owicach i trzonach zdobionych wici\u0105 ro\u015blinn\u0105. Kolumny flankuj\u0105 pole g\u0142\u00f3wne z obrazem \u015aw. Marii Magdaleny w ramie. Po bokach o\u0142tarza poza kolumnami uszaki ornamentowe okuciami. Na g\u0142owicach kolumn dekoracyjne kostki \u2013 stylizacja metop z architrawu dekorowanego motywem ro\u015blinnym. Wy\u017cej przerwany, profilowany gzyms unosz\u0105cy zwie\u0144czenie p\u0142asko-rze\u017abiarskie &#8211; wieniec i promienie p\u00f3\u0142koliste, po bokach 2 popiersia putt.<br> O\u0142tarz malowany na kolor kremowy, ornamenty, profile i kanele z\u0142ocone.<\/p>\n\n\n\n<p><strong>O\u0141TARZ BOCZNY<\/strong><\/p>\n\n\n\n<ul class=\"wp-block-gallery columns-2 is-cropped wp-block-gallery-6 is-layout-flex wp-block-gallery-is-layout-flex\"><li class=\"blocks-gallery-item\"><figure><img loading=\"lazy\" decoding=\"async\" width=\"300\" height=\"431\" src=\"https:\/\/dobrzyniewo.archibial.pl\/wp-content\/uploads\/2019\/11\/oltarzBoczny.jpg\" alt=\"\" data-id=\"2203\" data-link=\"https:\/\/dobrzyniewo.archibial.pl\/oltarzboczny\/\" class=\"wp-image-2203\" srcset=\"https:\/\/dobrzyniewo.archibial.pl\/wp-content\/uploads\/2019\/11\/oltarzBoczny.jpg 300w, https:\/\/dobrzyniewo.archibial.pl\/wp-content\/uploads\/2019\/11\/oltarzBoczny-209x300.jpg 209w\" sizes=\"auto, (max-width: 300px) 100vw, 300px\" \/><\/figure><\/li><li class=\"blocks-gallery-item\"><figure><img loading=\"lazy\" decoding=\"async\" width=\"240\" height=\"400\" src=\"https:\/\/dobrzyniewo.archibial.pl\/wp-content\/uploads\/2019\/10\/1006k-1.jpg\" alt=\"\" data-id=\"164\" data-link=\"https:\/\/dobrzyniewo.archibial.pl\/index.php\/wirtualne-zwiedzanie\/1006k-1\/\" class=\"wp-image-164\" srcset=\"https:\/\/dobrzyniewo.archibial.pl\/wp-content\/uploads\/2019\/10\/1006k-1.jpg 240w, https:\/\/dobrzyniewo.archibial.pl\/wp-content\/uploads\/2019\/10\/1006k-1-180x300.jpg 180w\" sizes=\"auto, (max-width: 240px) 100vw, 240px\" \/><\/figure><\/li><\/ul>\n\n\n\n<p>Styl: <strong>eklektyzm<\/strong><br>Czas powstania: <strong>koniec XIX wieku pocz\u0105tek XX wieku<\/strong><br> Materia\u0142: <strong>drewno, techniki stolarskie, snycerskie (a\u017curowe, nak\u0142adane detale                     dekoracyjne), polichromia, z\u0142ocenie<\/strong><br>Umiejscowienie w ko\u015bciele: <strong>o\u0142tarz boczny, lewa nawa<\/strong><\/p>\n\n\n\n<p>O\u0142tarz architektoniczny, jedno kondygnacyjny, jednoosiowy ze zwie\u0144czeniem rze\u017abiarskim i mens\u0105 skrzyniow\u0105.<br>\nAntepedium prostopad\u0142o\u015bcienne z uskokami w naro\u017cach w kt\u00f3rych zmieszczone smuk\u0142e kolumienki.<br>\nFront dekorowany profilowany p\u0142ycinami; w centrum ko\u0142o z monogramem wi\u0105zanym &#8211; TS, po bokach pola prostok\u0105tne z wkl\u0119s\u0142ymi od\u015brodkowymi bokami, dekorowane z li\u015b\u0107mi akantu.<br>\nW lekko wysuni\u0119tej p\u0142ycinowej predelli nastawy na sta\u0142e zamontowane tabernakulum.<br>\nWy\u017cej 2 uskokowe pasy oddzielone profilowanymi gzymsami kt\u00f3re d\u017awigaj\u0105 pary kolumienek o g\u0142adkich trzonkach i kompozytowych g\u0142owicach, tworz\u0105cych arkad\u0119 zamkni\u0119t\u0105 \u0142ukiem koszowym. W polu arkady obecnie rze\u017aba Ecco Homo.<br>\nPo obu stronach niszy lizeny zdobione p\u0142ycinami \u2013 analogicznie do antepedium oraz sp\u0142ywy wolutowego. W g\u00f3rze na szerokim, profilowanym gzymsie po bokach wazony puklowane z kwiatami, na osi- krzy\u017c na podstawie z li\u015bcie akantu u\u0142o\u017conych w formie wolut.<br>\nO\u0142tarz malowany na kolor kremowy, ornamentowy, profile i kanele z\u0142ocone.<\/p>\n","protected":false},"excerpt":{"rendered":"<p>Do rejestru zabytk\u00f3w wojew\u00f3dztwa podlaskiego w roku 2009 wpisano 14 zabytk\u00f3w ruchomych: malarstwa, rze\u017aby, p\u0142askorze\u017aby, technik z\u0142otniczych, snycerskich, powsta\u0142ych w XVIII &#8211; XIX w. i&hellip;<\/p>\n","protected":false},"author":1,"featured_media":0,"parent":487,"menu_order":0,"comment_status":"closed","ping_status":"closed","template":"","meta":{"_monsterinsights_skip_tracking":false,"_monsterinsights_sitenote_active":false,"_monsterinsights_sitenote_note":"","_monsterinsights_sitenote_category":0,"ngg_post_thumbnail":0,"footnotes":""},"class_list":["post-585","page","type-page","status-publish","hentry"],"_links":{"self":[{"href":"https:\/\/dobrzyniewo.archibial.pl\/index.php\/wp-json\/wp\/v2\/pages\/585","targetHints":{"allow":["GET"]}}],"collection":[{"href":"https:\/\/dobrzyniewo.archibial.pl\/index.php\/wp-json\/wp\/v2\/pages"}],"about":[{"href":"https:\/\/dobrzyniewo.archibial.pl\/index.php\/wp-json\/wp\/v2\/types\/page"}],"author":[{"embeddable":true,"href":"https:\/\/dobrzyniewo.archibial.pl\/index.php\/wp-json\/wp\/v2\/users\/1"}],"replies":[{"embeddable":true,"href":"https:\/\/dobrzyniewo.archibial.pl\/index.php\/wp-json\/wp\/v2\/comments?post=585"}],"version-history":[{"count":13,"href":"https:\/\/dobrzyniewo.archibial.pl\/index.php\/wp-json\/wp\/v2\/pages\/585\/revisions"}],"predecessor-version":[{"id":2204,"href":"https:\/\/dobrzyniewo.archibial.pl\/index.php\/wp-json\/wp\/v2\/pages\/585\/revisions\/2204"}],"up":[{"embeddable":true,"href":"https:\/\/dobrzyniewo.archibial.pl\/index.php\/wp-json\/wp\/v2\/pages\/487"}],"wp:attachment":[{"href":"https:\/\/dobrzyniewo.archibial.pl\/index.php\/wp-json\/wp\/v2\/media?parent=585"}],"curies":[{"name":"wp","href":"https:\/\/api.w.org\/{rel}","templated":true}]}}