{"id":475,"date":"2019-10-25T16:35:16","date_gmt":"2019-10-25T14:35:16","guid":{"rendered":"https:\/\/dobrzyniewo.archibial.pl\/?page_id=475"},"modified":"2019-10-25T16:35:16","modified_gmt":"2019-10-25T14:35:16","slug":"sakrament-swiecen","status":"publish","type":"page","link":"https:\/\/dobrzyniewo.archibial.pl\/index.php\/informacje\/sakramenty\/sakrament-swiecen\/","title":{"rendered":"SAKRAMENT \u015aWI\u0118CE\u0143"},"content":{"rendered":"\n<figure class=\"wp-block-image\"><img decoding=\"async\" src=\"http:\/\/web.archive.org\/web\/20100911125748im_\/http:\/\/www.dobrzyniewokoscielne.pl\/Images\/kap\u0142anstwo.jpg\" alt=\"kap\u0142a\u0144stwo\"\/><\/figure>\n\n\n\n<p>Sakrament \u015bwi\u0119ce\u0144 jest sakramentem, dzi\u0119ki kt\u00f3remu pos\u0142anie, kt\u00f3re nasz Pan Jezus Chrystus powierzy\u0142 Aposto\u0142om, nadal jest spe\u0142niane w Ko\u015bciele a\u017c do ko\u0144ca czas\u00f3w. Jest to sakrament pos\u0142ugi apostolskiej. Obejmuje on trzy stopnie: biskupstwo, prezbiterat i diakonat.<\/p>\n\n\n\n<p>Na mocy tego sakramentu niekt\u00f3rzy spo\u015br\u00f3d wiernych naznaczeni niezatartym charakterem staj\u0105c si\u0119 \u015bwi\u0119tymi szafarzami zostaj\u0105 konsekrowani i przeznaczeni, aby ka\u017cdy odpowiednio do swojego stopnia wype\u0142niaj\u0105c w osobie Chrystusa zadania nauczania, u\u015bwi\u0119cania i kierowania by\u0142 pasterzem Ludu Bo\u017cego.<\/p>\n\n\n\n<p>Poniewa\u017c sakrament \u015bwiece\u0144 jest sakramentem pos\u0142ugi apostolskiej, dlatego te\u017c przekazywanie tego daru, nale\u017cy do biskup\u00f3w jako nast\u0119pc\u00f3w Aposto\u0142\u00f3w. Zgodnie z tym za\u0142o\u017ceniem szafarzem udzielania sakramentu \u015bwiece\u0144 jest biskup &#8211; konsekrowany i wa\u017cnie wy\u015bwi\u0119cony, to znaczy w\u0142\u0105czony w sukcesj\u0119 apostolsk\u0105.<\/p>\n","protected":false},"excerpt":{"rendered":"<p>Sakrament \u015bwi\u0119ce\u0144 jest sakramentem, dzi\u0119ki kt\u00f3remu pos\u0142anie, kt\u00f3re nasz Pan Jezus Chrystus powierzy\u0142 Aposto\u0142om, nadal jest spe\u0142niane w Ko\u015bciele a\u017c do ko\u0144ca czas\u00f3w. Jest to&hellip;<\/p>\n","protected":false},"author":1,"featured_media":0,"parent":376,"menu_order":0,"comment_status":"closed","ping_status":"closed","template":"","meta":{"_monsterinsights_skip_tracking":false,"_monsterinsights_sitenote_active":false,"_monsterinsights_sitenote_note":"","_monsterinsights_sitenote_category":0,"ngg_post_thumbnail":0,"footnotes":""},"class_list":["post-475","page","type-page","status-publish","hentry"],"_links":{"self":[{"href":"https:\/\/dobrzyniewo.archibial.pl\/index.php\/wp-json\/wp\/v2\/pages\/475","targetHints":{"allow":["GET"]}}],"collection":[{"href":"https:\/\/dobrzyniewo.archibial.pl\/index.php\/wp-json\/wp\/v2\/pages"}],"about":[{"href":"https:\/\/dobrzyniewo.archibial.pl\/index.php\/wp-json\/wp\/v2\/types\/page"}],"author":[{"embeddable":true,"href":"https:\/\/dobrzyniewo.archibial.pl\/index.php\/wp-json\/wp\/v2\/users\/1"}],"replies":[{"embeddable":true,"href":"https:\/\/dobrzyniewo.archibial.pl\/index.php\/wp-json\/wp\/v2\/comments?post=475"}],"version-history":[{"count":1,"href":"https:\/\/dobrzyniewo.archibial.pl\/index.php\/wp-json\/wp\/v2\/pages\/475\/revisions"}],"predecessor-version":[{"id":476,"href":"https:\/\/dobrzyniewo.archibial.pl\/index.php\/wp-json\/wp\/v2\/pages\/475\/revisions\/476"}],"up":[{"embeddable":true,"href":"https:\/\/dobrzyniewo.archibial.pl\/index.php\/wp-json\/wp\/v2\/pages\/376"}],"wp:attachment":[{"href":"https:\/\/dobrzyniewo.archibial.pl\/index.php\/wp-json\/wp\/v2\/media?parent=475"}],"curies":[{"name":"wp","href":"https:\/\/api.w.org\/{rel}","templated":true}]}}