{"id":463,"date":"2019-10-25T16:11:04","date_gmt":"2019-10-25T14:11:04","guid":{"rendered":"https:\/\/dobrzyniewo.archibial.pl\/?page_id=463"},"modified":"2024-10-12T21:30:30","modified_gmt":"2024-10-12T19:30:30","slug":"kancelaria","status":"publish","type":"page","link":"https:\/\/dobrzyniewo.archibial.pl\/index.php\/informacje\/kancelaria\/","title":{"rendered":"Kancelaria"},"content":{"rendered":"\n<figure class=\"wp-block-image is-style-default\"><img loading=\"lazy\" decoding=\"async\" width=\"220\" height=\"145\" src=\"https:\/\/dobrzyniewo.archibial.pl\/wp-content\/uploads\/2019\/11\/pisarz1.png\" alt=\"\" class=\"wp-image-2357\"\/><\/figure>\n\n\n\n<p class=\"has-small-font-size\">Kancelaria jest miejscem gdzie mo\u017cna dowiedzie\u0107 si\u0119 i przeprowadzi\u0107 formalno\u015bci zwi\u0105zane z przyst\u0105pieniem do sakramentu Chrztu \u015awi\u0119tego, Pierwszej Komunii \u015awi\u0119tej, Bierzmowania, Ma\u0142\u017ce\u0144stwa oraz Pogrzebu chrze\u015bcija\u0144skiego.<br><br>R\u00f3wnie\u017c mo\u017cna uzyska\u0107 wszelkie potrzebne za\u015bwiadczenia oraz fachow\u0105 porad\u0119 od ksi\u0119dza. <\/p>\n\n\n\n<p>Kancelaria jest czynna w poniedzia\u0142ki, \u015brody i pi\u0105tki (8.00 &#8211; 9.00 i 17.00 &#8211; 17.45), soboty (tylko 8.00 &#8211; 9.00).<\/p>\n\n\n\n<p>W sprawach pilnych kontakt telefoniczny.<\/p>\n","protected":false},"excerpt":{"rendered":"<p>Kancelaria jest miejscem gdzie mo\u017cna dowiedzie\u0107 si\u0119 i przeprowadzi\u0107 formalno\u015bci zwi\u0105zane z przyst\u0105pieniem do sakramentu Chrztu \u015awi\u0119tego, Pierwszej Komunii \u015awi\u0119tej, Bierzmowania, Ma\u0142\u017ce\u0144stwa oraz Pogrzebu chrze\u015bcija\u0144skiego.&hellip;<\/p>\n","protected":false},"author":1,"featured_media":0,"parent":455,"menu_order":0,"comment_status":"closed","ping_status":"closed","template":"","meta":{"_monsterinsights_skip_tracking":false,"_monsterinsights_sitenote_active":false,"_monsterinsights_sitenote_note":"","_monsterinsights_sitenote_category":0,"ngg_post_thumbnail":0,"footnotes":""},"class_list":["post-463","page","type-page","status-publish","hentry"],"_links":{"self":[{"href":"https:\/\/dobrzyniewo.archibial.pl\/index.php\/wp-json\/wp\/v2\/pages\/463","targetHints":{"allow":["GET"]}}],"collection":[{"href":"https:\/\/dobrzyniewo.archibial.pl\/index.php\/wp-json\/wp\/v2\/pages"}],"about":[{"href":"https:\/\/dobrzyniewo.archibial.pl\/index.php\/wp-json\/wp\/v2\/types\/page"}],"author":[{"embeddable":true,"href":"https:\/\/dobrzyniewo.archibial.pl\/index.php\/wp-json\/wp\/v2\/users\/1"}],"replies":[{"embeddable":true,"href":"https:\/\/dobrzyniewo.archibial.pl\/index.php\/wp-json\/wp\/v2\/comments?post=463"}],"version-history":[{"count":5,"href":"https:\/\/dobrzyniewo.archibial.pl\/index.php\/wp-json\/wp\/v2\/pages\/463\/revisions"}],"predecessor-version":[{"id":6249,"href":"https:\/\/dobrzyniewo.archibial.pl\/index.php\/wp-json\/wp\/v2\/pages\/463\/revisions\/6249"}],"up":[{"embeddable":true,"href":"https:\/\/dobrzyniewo.archibial.pl\/index.php\/wp-json\/wp\/v2\/pages\/455"}],"wp:attachment":[{"href":"https:\/\/dobrzyniewo.archibial.pl\/index.php\/wp-json\/wp\/v2\/media?parent=463"}],"curies":[{"name":"wp","href":"https:\/\/api.w.org\/{rel}","templated":true}]}}