{"id":419,"date":"2019-10-25T13:57:55","date_gmt":"2019-10-25T11:57:55","guid":{"rendered":"https:\/\/dobrzyniewo.archibial.pl\/?page_id=419"},"modified":"2019-11-08T12:11:54","modified_gmt":"2019-11-08T11:11:54","slug":"terytorum","status":"publish","type":"page","link":"https:\/\/dobrzyniewo.archibial.pl\/index.php\/parafia\/terytorum\/","title":{"rendered":"Zakres terytorialny"},"content":{"rendered":"\n<figure class=\"wp-block-image\"><img loading=\"lazy\" decoding=\"async\" width=\"680\" height=\"492\" src=\"https:\/\/dobrzyniewo.archibial.pl\/wp-content\/uploads\/2019\/11\/mapa-Dobrzyniewo.jpg\" alt=\"\" class=\"wp-image-2360\" srcset=\"https:\/\/dobrzyniewo.archibial.pl\/wp-content\/uploads\/2019\/11\/mapa-Dobrzyniewo.jpg 680w, https:\/\/dobrzyniewo.archibial.pl\/wp-content\/uploads\/2019\/11\/mapa-Dobrzyniewo-300x217.jpg 300w\" sizes=\"auto, (max-width: 680px) 100vw, 680px\" \/><\/figure>\n\n\n\n<h2 class=\"wp-block-heading\">Do parafii nale\u017c\u0105 miejscowo\u015bci:<\/h2>\n\n\n\n<p><strong>Dobrzyniewo Ko\u015bcielne,<\/strong><br><strong>Dobrzyniewo Du\u017ce 3 km,<\/strong><br><strong>Dobrzyniewo Fabryczne 2 km,<\/strong><br><strong>Bohdan 3 km, <\/strong> <br><strong>Jawor\u00f3wka 5 km,<\/strong><br><strong>Krynice 5 km,<\/strong><br><strong>Le\u0144ce 4 km,<\/strong><br><strong>Letniki 5 km,<\/strong><br><strong>Nowe Aleksandrowo 2 km,<\/strong><br><strong>Ogrodniki 1 km,<\/strong><br><strong>Podle\u0144ce kol. 4 km, <\/strong> <br><strong>Ponik\u0142a 8 km.<\/strong> <\/p>\n\n\n\n<h1 class=\"wp-block-heading\">Cmentarze Grzebalne<\/h1>\n\n\n\n<h2 class=\"wp-block-heading\">Stary Cmentarz<\/h2>\n\n\n\n<ul class=\"wp-block-list\"><li>nieczynny<\/li><li>za\u0142o\u017cony pocz\u0105tek XIX wieku<\/li><li>znajduje si\u0119 150 m od ko\u015bcio\u0142a parafialnego<\/li><li>powierzchnia ok 1 ha<\/li><\/ul>\n\n\n\n<h2 class=\"wp-block-heading\">Nowy Cmentarz<\/h2>\n\n\n\n<ul class=\"wp-block-list\"><li>czynny<\/li><li>za\u0142o\u017cony w 1926 roku o powierzchni 3 ha<\/li><li>powi\u0119kszony w 1960 roku o 1,5 ha<\/li><li>w roku 2009 powi\u0119kszony o kolejne 2 ha<\/li><li>znajduje si\u0119 300 m od ko\u015bcio\u0142a pafafialnego<\/li><\/ul>\n","protected":false},"excerpt":{"rendered":"<p>Do parafii nale\u017c\u0105 miejscowo\u015bci: Dobrzyniewo Ko\u015bcielne,Dobrzyniewo Du\u017ce 3 km,Dobrzyniewo Fabryczne 2 km,Bohdan 3 km, Jawor\u00f3wka 5 km,Krynice 5 km,Le\u0144ce 4 km,Letniki 5 km,Nowe Aleksandrowo 2&hellip;<\/p>\n","protected":false},"author":1,"featured_media":0,"parent":365,"menu_order":0,"comment_status":"closed","ping_status":"closed","template":"","meta":{"_monsterinsights_skip_tracking":false,"_monsterinsights_sitenote_active":false,"_monsterinsights_sitenote_note":"","_monsterinsights_sitenote_category":0,"ngg_post_thumbnail":0,"footnotes":""},"class_list":["post-419","page","type-page","status-publish","hentry"],"_links":{"self":[{"href":"https:\/\/dobrzyniewo.archibial.pl\/index.php\/wp-json\/wp\/v2\/pages\/419","targetHints":{"allow":["GET"]}}],"collection":[{"href":"https:\/\/dobrzyniewo.archibial.pl\/index.php\/wp-json\/wp\/v2\/pages"}],"about":[{"href":"https:\/\/dobrzyniewo.archibial.pl\/index.php\/wp-json\/wp\/v2\/types\/page"}],"author":[{"embeddable":true,"href":"https:\/\/dobrzyniewo.archibial.pl\/index.php\/wp-json\/wp\/v2\/users\/1"}],"replies":[{"embeddable":true,"href":"https:\/\/dobrzyniewo.archibial.pl\/index.php\/wp-json\/wp\/v2\/comments?post=419"}],"version-history":[{"count":4,"href":"https:\/\/dobrzyniewo.archibial.pl\/index.php\/wp-json\/wp\/v2\/pages\/419\/revisions"}],"predecessor-version":[{"id":2362,"href":"https:\/\/dobrzyniewo.archibial.pl\/index.php\/wp-json\/wp\/v2\/pages\/419\/revisions\/2362"}],"up":[{"embeddable":true,"href":"https:\/\/dobrzyniewo.archibial.pl\/index.php\/wp-json\/wp\/v2\/pages\/365"}],"wp:attachment":[{"href":"https:\/\/dobrzyniewo.archibial.pl\/index.php\/wp-json\/wp\/v2\/media?parent=419"}],"curies":[{"name":"wp","href":"https:\/\/api.w.org\/{rel}","templated":true}]}}