{"id":396,"date":"2019-10-24T08:33:37","date_gmt":"2019-10-24T06:33:37","guid":{"rendered":"https:\/\/dobrzyniewo.archibial.pl\/?page_id=396"},"modified":"2019-10-25T16:33:28","modified_gmt":"2019-10-25T14:33:28","slug":"sakrament-malzenstwa","status":"publish","type":"page","link":"https:\/\/dobrzyniewo.archibial.pl\/index.php\/informacje\/sakramenty\/sakrament-malzenstwa\/","title":{"rendered":"Sakrament Ma\u0142\u017ce\u0144stwa"},"content":{"rendered":"\n<figure class=\"wp-block-image\"><img decoding=\"async\" src=\"http:\/\/web.archive.org\/web\/20100911125748im_\/http:\/\/www.dobrzyniewokoscielne.pl\/Images\/malzenstwo.jpg\" alt=\"ma\u0142\u017ce\u0144stwo\"\/><\/figure>\n\n\n\n<p>Zgodnie z kan. 1115 Kodeksu Prawa Kanonicznego ma\u0142\u017ce\u0144stwa winny by\u0107 zawierane w parafii, gdzie przynajmniej jedno z narzeczonych posiada sta\u0142e albo tymczasowe zamieszkanie lub miesi\u0119czny pobyt. Za zezwoleniem w\u0142asnego ordynariusza albo w\u0142asnego proboszcza, wolno ma\u0142\u017ce\u0144stwo zawrze\u0107 gdzie indziej. Zamieszkanie sta\u0142e zgodnie z kan. 102 \u00a7 1 KPK nabywa si\u0119                 takim przebywaniem na terytorium jakiej\u015b parafii lub przynajmniej diecezji, kt\u00f3re albo jest po\u0142\u0105czone z zamiarem pozostania tam na sta\u0142e, je\u015bli nic stamt\u0105d nie odwo\u0142a, albo trwa\u0142o przez pe\u0142nych pi\u0119\u0107 lat. Tymczasowe zamieszkanie zgodnie z kan. 102\u00a72 KPK nabywa si\u0119 przez takie przebywanie na terenie jakiej\u015b parafii lub przynajmniej                 diecezji, kt\u00f3re albo jest po\u0142\u0105czone z zamiarem pozostania tam przynajmniej przez trzy miesi\u0105ce, je\u017celi nic stamt\u0105d nie odwo\u0142a, albo przed\u0142u\u017cy\u0142o si\u0119 rzeczywi\u015bcie do trzech miesi\u0119cy.<\/p>\n\n\n\n<p>Narzeczeni maj\u0105 obowi\u0105zek zg\u0142osi\u0107 si\u0119 do kancelarii parafialnej najp\u00f3\u017aniej na <strong> trzy miesi\u0105ce<\/strong> przed planowan\u0105 dat\u0105 \u015blubu. Zg\u0142aszaj\u0105c si\u0119 po raz pierwszy do kancelarii narzeczeni przynosz\u0105 ze sob\u0105 nast\u0119puj\u0105ce dokumenty:<\/p>\n\n\n\n<ul class=\"wp-block-list\"><li><strong>Dow\u00f3d osobisty<\/strong><\/li><li><strong>Aktualne \u015bwiadectwo chrztu<\/strong> (z przeznaczeniem do Sakramentu Ma\u0142\u017ce\u0144stwa,  wa\u017cno\u015b\u0107 tego za\u015bwiadczenia up\u0142ywa po 6 miesi\u0105cach od daty wystawienia)<\/li><li><strong>\u015awiadectwo bierzmowania<\/strong> (je\u017celi ten sakrament nie jest odnotowany  na \u015bwiadectwie chrztu)<\/li><li><strong>W przypadku wdowc\u00f3w akt zgonu poprzedniego ma\u0142\u017conka<\/strong><\/li><\/ul>\n\n\n\n<p>Przygotowanie duchowe i poprawne do ma\u0142\u017ce\u0144stwa obejmuje:<\/p>\n\n\n\n<ul class=\"wp-block-list\"><li><strong>Dwukrotn\u0105 spowied\u017a<\/strong>&#8211; po zg\u0142oszeniu na zapowiedzi oraz w ostatnim tygodniu przed \u015blubem<\/li><li><strong>Udzia\u0142 w konferencjach przedma\u0142\u017ce\u0144skich<\/strong><\/li><\/ul>\n\n\n\n<p> W ostatnim tygodniu przed \u015blubem narzeczeni zg\u0142aszaj\u0105 si\u0119 do kancelarii parafialnej przedstawiaj\u0105c nast\u0119puj\u0105ce dokumenty:<\/p>\n\n\n\n<ul class=\"wp-block-list\"><li><strong>Indeks lub za\u015bwiadczenie odbycia nauk przedma\u0142\u017ce\u0144skich z wpisem drugie  spowiedzi przedma\u0142\u017ce\u0144skiej<\/strong><\/li><li><strong>\u015awiadectwo uko\u0144czenia Katechez dla narzeczonych i odbycia spotka\u0144 w Katolickiej  Poradni \u017bycia Rodzinnego<\/strong><\/li><li><strong>Za\u015bwiadczenie z USC uprawniaj\u0105ce do tzw. \u015blubu konkordatowego lub odpis  aktu wcze\u015bniej zawartego kontraktu cywilnego<\/strong><\/li><li><strong>Dane \u015bwiadk\u00f3w (Imi\u0119 i nazwisko, wiek, adres zamieszkania, wyznanie)<\/strong><\/li><\/ul>\n\n\n\n<p>W dniu \u015blubu narzeczeni wraz z dwoma \u015bwiadkami zg\u0142aszaj\u0105 si\u0119 do kancelarii parafialnej                 w celu spisania aktu \u015blubu.<\/p>\n","protected":false},"excerpt":{"rendered":"<p>Zgodnie z kan. 1115 Kodeksu Prawa Kanonicznego ma\u0142\u017ce\u0144stwa winny by\u0107 zawierane w parafii, gdzie przynajmniej jedno z narzeczonych posiada sta\u0142e albo tymczasowe zamieszkanie lub miesi\u0119czny&hellip;<\/p>\n","protected":false},"author":1,"featured_media":0,"parent":376,"menu_order":0,"comment_status":"closed","ping_status":"closed","template":"","meta":{"_monsterinsights_skip_tracking":false,"_monsterinsights_sitenote_active":false,"_monsterinsights_sitenote_note":"","_monsterinsights_sitenote_category":0,"ngg_post_thumbnail":0,"footnotes":""},"class_list":["post-396","page","type-page","status-publish","hentry"],"_links":{"self":[{"href":"https:\/\/dobrzyniewo.archibial.pl\/index.php\/wp-json\/wp\/v2\/pages\/396","targetHints":{"allow":["GET"]}}],"collection":[{"href":"https:\/\/dobrzyniewo.archibial.pl\/index.php\/wp-json\/wp\/v2\/pages"}],"about":[{"href":"https:\/\/dobrzyniewo.archibial.pl\/index.php\/wp-json\/wp\/v2\/types\/page"}],"author":[{"embeddable":true,"href":"https:\/\/dobrzyniewo.archibial.pl\/index.php\/wp-json\/wp\/v2\/users\/1"}],"replies":[{"embeddable":true,"href":"https:\/\/dobrzyniewo.archibial.pl\/index.php\/wp-json\/wp\/v2\/comments?post=396"}],"version-history":[{"count":2,"href":"https:\/\/dobrzyniewo.archibial.pl\/index.php\/wp-json\/wp\/v2\/pages\/396\/revisions"}],"predecessor-version":[{"id":474,"href":"https:\/\/dobrzyniewo.archibial.pl\/index.php\/wp-json\/wp\/v2\/pages\/396\/revisions\/474"}],"up":[{"embeddable":true,"href":"https:\/\/dobrzyniewo.archibial.pl\/index.php\/wp-json\/wp\/v2\/pages\/376"}],"wp:attachment":[{"href":"https:\/\/dobrzyniewo.archibial.pl\/index.php\/wp-json\/wp\/v2\/media?parent=396"}],"curies":[{"name":"wp","href":"https:\/\/api.w.org\/{rel}","templated":true}]}}