{"id":383,"date":"2019-10-24T08:10:35","date_gmt":"2019-10-24T06:10:35","guid":{"rendered":"https:\/\/dobrzyniewo.archibial.pl\/?page_id=383"},"modified":"2019-10-25T16:27:17","modified_gmt":"2019-10-25T14:27:17","slug":"sakrament-chorych","status":"publish","type":"page","link":"https:\/\/dobrzyniewo.archibial.pl\/index.php\/informacje\/sakramenty\/sakrament-chorych\/","title":{"rendered":"SAKRAMENT NAMASZCZENIA CHORYCH"},"content":{"rendered":"\n<figure class=\"wp-block-image\"><img decoding=\"async\" src=\"http:\/\/web.archive.org\/web\/20100911125748im_\/http:\/\/www.dobrzyniewokoscielne.pl\/Images\/namaszczenie.jpg\" alt=\"namaszczenie\"\/><\/figure>\n\n\n\n<p>Ka\u017cdy z siedmiu sakrament\u00f3w jest \u015brodkiem, przez kt\u00f3ry zmartwychwsta\u0142y Pan, moc\u0105 swojego Ducha, udziela cz\u0142owiekowi r\u00f3\u017cnych zbawczych \u0142ask. Ko\u015bci\u00f3\u0142 katolicki naucza, \u017ce r\u00f3wnie\u017c sakrament namaszczenia chorych jest jednym z sakrament\u00f3w ustanowionych przez Chrystusa. Wspomina o nim \u015bw. Marek oraz \u015bw. Jakub.<\/p>\n\n\n\n<p>Udzielenie sakramentu chorych <strong>nie ma na celu<\/strong> &#8211; jak si\u0119 obecnie s\u0105dzi &#8211; <strong>wy\u0142\u0105cznie przygotowania cz\u0142owieka na \u015bmier\u0107<\/strong>, lecz r\u00f3wnie\u017c <strong>umocnienie go w jego cierpieniach<\/strong>.<\/p>\n\n\n\n<p>W sakramencie namaszczenia chorych cz\u0142owiek dost\u0119puje udzia\u0142u w zbawczej m\u0119ce i \u015bmierci Chrystusa. Ko\u015bci\u00f3\u0142 zach\u0119ca wszystkich cierpi\u0105cych, chorych i umieraj\u0105cych, aby \u015bwiadomie \u0142\u0105czyli si\u0119 z m\u0119k\u0105 i smierci\u0105 Chrystusa i w ten spos\u00f3b przysparzali dobra ca\u0142emu ludowi Bo\u017cemu, przyczyniaj\u0105c si\u0119 do jego zbawienia. Sakrament ten jest niejako konsekracj\u0105 chorego, aby przez swoje cierpienia skutecznie przyczynia\u0142 si\u0119 do zbawiania \u015bwiata oraz aby przez \u015bmier\u0107 sam wszed\u0142 do chwa\u0142y niebieskiej. We wszystkich sytuacjach \u017cyciowych Chrystus obdarowuje nas swoimi \u0142askami, koniecznymi do spe\u0142nienia powierzonych nam przez Niego nowych zada\u0144 i do naszego u\u015bwi\u0119cenia. Ma to miejsce r\u00f3wnie\u017c w wypadku choroby chrze\u015bcijanina. Przez sakrament namaszczenia Zbawiciel umacnia cierpi\u0105c\u0105 osob\u0119, w\u0142\u0105cza j\u0105 w tajemnic\u0119 swojej zbawczej m\u0119ki i \u015bmierci, odpuszcza jej grzechy i u\u015bwi\u0119ca j\u0105. Dzi\u0119ki \u0142asce tego sakramentu chory lub umieraj\u0105cy cz\u0142owiek zyskuje pomoc dla w\u0142asnego zbawienia, a r\u00f3wnocze\u015bnie przez swoje cierpienie i \u015bmier\u0107 przymna\u017ca r\u00f3\u017cnych zbawczych dar\u00f3w ca\u0142emu Ko\u015bcio\u0142owi. <\/p>\n","protected":false},"excerpt":{"rendered":"<p>Ka\u017cdy z siedmiu sakrament\u00f3w jest \u015brodkiem, przez kt\u00f3ry zmartwychwsta\u0142y Pan, moc\u0105 swojego Ducha, udziela cz\u0142owiekowi r\u00f3\u017cnych zbawczych \u0142ask. Ko\u015bci\u00f3\u0142 katolicki naucza, \u017ce r\u00f3wnie\u017c sakrament namaszczenia&hellip;<\/p>\n","protected":false},"author":1,"featured_media":0,"parent":376,"menu_order":0,"comment_status":"closed","ping_status":"closed","template":"","meta":{"_monsterinsights_skip_tracking":false,"_monsterinsights_sitenote_active":false,"_monsterinsights_sitenote_note":"","_monsterinsights_sitenote_category":0,"ngg_post_thumbnail":0,"footnotes":""},"class_list":["post-383","page","type-page","status-publish","hentry"],"_links":{"self":[{"href":"https:\/\/dobrzyniewo.archibial.pl\/index.php\/wp-json\/wp\/v2\/pages\/383","targetHints":{"allow":["GET"]}}],"collection":[{"href":"https:\/\/dobrzyniewo.archibial.pl\/index.php\/wp-json\/wp\/v2\/pages"}],"about":[{"href":"https:\/\/dobrzyniewo.archibial.pl\/index.php\/wp-json\/wp\/v2\/types\/page"}],"author":[{"embeddable":true,"href":"https:\/\/dobrzyniewo.archibial.pl\/index.php\/wp-json\/wp\/v2\/users\/1"}],"replies":[{"embeddable":true,"href":"https:\/\/dobrzyniewo.archibial.pl\/index.php\/wp-json\/wp\/v2\/comments?post=383"}],"version-history":[{"count":4,"href":"https:\/\/dobrzyniewo.archibial.pl\/index.php\/wp-json\/wp\/v2\/pages\/383\/revisions"}],"predecessor-version":[{"id":472,"href":"https:\/\/dobrzyniewo.archibial.pl\/index.php\/wp-json\/wp\/v2\/pages\/383\/revisions\/472"}],"up":[{"embeddable":true,"href":"https:\/\/dobrzyniewo.archibial.pl\/index.php\/wp-json\/wp\/v2\/pages\/376"}],"wp:attachment":[{"href":"https:\/\/dobrzyniewo.archibial.pl\/index.php\/wp-json\/wp\/v2\/media?parent=383"}],"curies":[{"name":"wp","href":"https:\/\/api.w.org\/{rel}","templated":true}]}}