{"id":2568,"date":"2020-04-03T20:04:14","date_gmt":"2020-04-03T18:04:14","guid":{"rendered":"https:\/\/dobrzyniewo.archibial.pl\/?page_id=2568"},"modified":"2020-04-03T20:19:10","modified_gmt":"2020-04-03T18:19:10","slug":"darowizna-na-cele-parafii","status":"publish","type":"page","link":"https:\/\/dobrzyniewo.archibial.pl\/index.php\/darowizna-na-cele-parafii\/","title":{"rendered":"Darowizna na cele parafii"},"content":{"rendered":"\n<p>\nOfiary na potrzeby naszego Ko\u015bcio\u0142a mo\u017cemy wp\u0142aca\u0107 na konto: <\/p>\n\n\n\n<p>Bank Sp\u00f3\u0142dzielczy Bia\u0142ystok<br><strong>Nr konta bankowego:<\/strong> 19 8060 0004 2600 0879 2000 0010 <br> tytu\u0142em: <strong>DAROWIZNA NA RZECZ PARAFII<\/strong> <br><br><strong>Parafia Rzymskokatolicka pod wezwaniem  Zwiastowania Naj\u015bwi\u0119tszej Maryi Panny w Dobrzyniewie Ko\u015bcielnym<\/strong><br>Dobrzyniewo Ko\u015bcielne 39<br>16-002 Dobrzyniewo Du\u017ce <\/p>\n\n\n\n<p>Mo\u017cesz te\u017c pobra\u0107 gotowy do druku formularz wp\u0142aty lub przelewu na konto parafii w formacie .pdf &#8211; <a href=\"https:\/\/dobrzyniewo.archibial.pl\/wp-content\/uploads\/2020\/04\/przelew_ZNMP.pdf\" target=\"_blank\" rel=\"noreferrer noopener\" aria-label=\"aby to uczyni\u0107 kliknij ten odno\u015bnik. (otwiera si\u0119 na nowej zak\u0142adce)\">aby to uczyni\u0107 kliknij ten odno\u015bnik.<\/a><\/p>\n\n\n\n<figure class=\"wp-block-image\"><a href=\"https:\/\/dobrzyniewo.archibial.pl\/wp-content\/uploads\/2020\/04\/przelew_ZNMP.pdf\" target=\"_blank\" rel=\"noreferrer noopener\"><img loading=\"lazy\" decoding=\"async\" width=\"702\" height=\"500\" src=\"https:\/\/dobrzyniewo.archibial.pl\/wp-content\/uploads\/2020\/04\/druk_przelewu.jpg\" alt=\"\" class=\"wp-image-2575\" srcset=\"https:\/\/dobrzyniewo.archibial.pl\/wp-content\/uploads\/2020\/04\/druk_przelewu.jpg 702w, https:\/\/dobrzyniewo.archibial.pl\/wp-content\/uploads\/2020\/04\/druk_przelewu-300x214.jpg 300w\" sizes=\"auto, (max-width: 702px) 100vw, 702px\" \/><\/a><\/figure>\n","protected":false},"excerpt":{"rendered":"<p>Ofiary na potrzeby naszego Ko\u015bcio\u0142a mo\u017cemy wp\u0142aca\u0107 na konto: Bank Sp\u00f3\u0142dzielczy Bia\u0142ystokNr konta bankowego: 19 8060 0004 2600 0879 2000 0010 tytu\u0142em: DAROWIZNA NA RZECZ&hellip;<\/p>\n","protected":false},"author":1,"featured_media":0,"parent":0,"menu_order":0,"comment_status":"closed","ping_status":"closed","template":"","meta":{"_monsterinsights_skip_tracking":false,"_monsterinsights_sitenote_active":false,"_monsterinsights_sitenote_note":"","_monsterinsights_sitenote_category":0,"ngg_post_thumbnail":0,"footnotes":""},"class_list":["post-2568","page","type-page","status-publish","hentry"],"_links":{"self":[{"href":"https:\/\/dobrzyniewo.archibial.pl\/index.php\/wp-json\/wp\/v2\/pages\/2568","targetHints":{"allow":["GET"]}}],"collection":[{"href":"https:\/\/dobrzyniewo.archibial.pl\/index.php\/wp-json\/wp\/v2\/pages"}],"about":[{"href":"https:\/\/dobrzyniewo.archibial.pl\/index.php\/wp-json\/wp\/v2\/types\/page"}],"author":[{"embeddable":true,"href":"https:\/\/dobrzyniewo.archibial.pl\/index.php\/wp-json\/wp\/v2\/users\/1"}],"replies":[{"embeddable":true,"href":"https:\/\/dobrzyniewo.archibial.pl\/index.php\/wp-json\/wp\/v2\/comments?post=2568"}],"version-history":[{"count":3,"href":"https:\/\/dobrzyniewo.archibial.pl\/index.php\/wp-json\/wp\/v2\/pages\/2568\/revisions"}],"predecessor-version":[{"id":2576,"href":"https:\/\/dobrzyniewo.archibial.pl\/index.php\/wp-json\/wp\/v2\/pages\/2568\/revisions\/2576"}],"wp:attachment":[{"href":"https:\/\/dobrzyniewo.archibial.pl\/index.php\/wp-json\/wp\/v2\/media?parent=2568"}],"curies":[{"name":"wp","href":"https:\/\/api.w.org\/{rel}","templated":true}]}}