{"id":21,"date":"2019-10-18T12:53:03","date_gmt":"2019-10-18T10:53:03","guid":{"rendered":"https:\/\/dobrzyniewo.archibial.pl\/?page_id=21"},"modified":"2024-10-12T21:32:50","modified_gmt":"2024-10-12T19:32:50","slug":"parafia-rzymskokatolicka-pod-wezwaniem-zwiastowania-najswietszej-maryi-panny-w-dobrzyniewie-koscielnym","status":"publish","type":"page","link":"https:\/\/dobrzyniewo.archibial.pl\/index.php\/informacje\/parafia-rzymskokatolicka-pod-wezwaniem-zwiastowania-najswietszej-maryi-panny-w-dobrzyniewie-koscielnym\/","title":{"rendered":""},"content":{"rendered":"\n<p class=\"has-small-font-size\"><strong>Parafia Rzymskokatolicka pod wezwaniem  Zwiastowania Naj\u015bwi\u0119tszej Maryi Panny w Dobrzyniewie Ko\u015bcielnym<\/strong><br>Dobrzyniewo Ko\u015bcielne 39<br>16-002 Dobrzyniewo Du\u017ce<br><strong>tel.:<\/strong> +48 85 71 97 539 <br><br><strong>www: <\/strong><a href=\"https:\/\/dobrzyniewo.archibial.pl\/\"><strong>https:\/\/dobrzyniewo.archibial.pl\/<\/strong><\/a><strong><br>e-mail: <\/strong><a href=\"mailto:dobrzyniewo@archibial.pl\"><strong>dobrzyniewo@archibial.pl<\/strong><\/a><br><strong>Facebook:<\/strong> <a rel=\"noreferrer noopener\" href=\"https:\/\/www.facebook.com\/zwiastowanieNMP.Dobrzyniewo\/\" target=\"_blank\">https:\/\/www.facebook.com\/zwiastowanieNMP.Dobrzyniewo\/<\/a><br><strong>YouTube:<\/strong> <a rel=\"noreferrer noopener\" href=\"https:\/\/www.youtube.com\/channel\/UCxwPE0W37QEByyOI0nrxmSQ\/featured\" target=\"_blank\">https:\/\/www.youtube.com\/channel\/UCxwPE0W37QEByyOI0nrxmSQ\/featured<\/a><\/p>\n\n\n\n<p><strong>Nr konta bankowego:<\/strong> 19 8060 0004 2600 0879 2000 0010<\/p>\n\n\n\n<p>Kancelaria parafialna czynna jest  w poniedzia\u0142ki, \u015brody i pi\u0105tki (8.00 &#8211; 9.00 i 17.00 &#8211; 17.45), soboty (tylko 8.00 &#8211; 9.00).<\/p>\n\n\n\n<p class=\"has-small-font-size\">W innym czasie wizyt\u0119 w kancelarii nale\u017cy uzgodni\u0107  telefonicznie<\/p>\n\n\n\n<figure class=\"wp-block-gallery has-nested-images columns-default is-cropped wp-block-gallery-1 is-layout-flex wp-block-gallery-is-layout-flex\">\n<figure class=\"wp-block-image size-large\"><img loading=\"lazy\" decoding=\"async\" width=\"240\" height=\"400\" data-id=\"160\" src=\"https:\/\/dobrzyniewo.archibial.pl\/wp-content\/uploads\/2019\/10\/1006e-1.jpg\" alt=\"\" class=\"wp-image-160\" srcset=\"https:\/\/dobrzyniewo.archibial.pl\/wp-content\/uploads\/2019\/10\/1006e-1.jpg 240w, https:\/\/dobrzyniewo.archibial.pl\/wp-content\/uploads\/2019\/10\/1006e-1-180x300.jpg 180w\" sizes=\"auto, (max-width: 240px) 100vw, 240px\" \/><\/figure>\n\n\n\n<figure class=\"wp-block-image size-large\"><img loading=\"lazy\" decoding=\"async\" width=\"240\" height=\"400\" data-id=\"164\" src=\"https:\/\/dobrzyniewo.archibial.pl\/wp-content\/uploads\/2019\/10\/1006k-1.jpg\" alt=\"\" class=\"wp-image-164\" srcset=\"https:\/\/dobrzyniewo.archibial.pl\/wp-content\/uploads\/2019\/10\/1006k-1.jpg 240w, https:\/\/dobrzyniewo.archibial.pl\/wp-content\/uploads\/2019\/10\/1006k-1-180x300.jpg 180w\" sizes=\"auto, (max-width: 240px) 100vw, 240px\" \/><\/figure>\n\n\n\n<figure class=\"wp-block-image size-large\"><img loading=\"lazy\" decoding=\"async\" width=\"240\" height=\"400\" data-id=\"115\" src=\"https:\/\/dobrzyniewo.archibial.pl\/wp-content\/uploads\/2019\/10\/1010c.jpg\" alt=\"\" class=\"wp-image-115\" srcset=\"https:\/\/dobrzyniewo.archibial.pl\/wp-content\/uploads\/2019\/10\/1010c.jpg 240w, https:\/\/dobrzyniewo.archibial.pl\/wp-content\/uploads\/2019\/10\/1010c-180x300.jpg 180w\" sizes=\"auto, (max-width: 240px) 100vw, 240px\" \/><\/figure>\n<\/figure>\n\n\n\n<figure class=\"wp-block-image is-resized\"><img loading=\"lazy\" decoding=\"async\" width=\"771\" height=\"67\" src=\"https:\/\/dobrzyniewo.archibial.pl\/wp-content\/uploads\/2019\/10\/projekt.png\" alt=\"\" class=\"wp-image-140\" style=\"width:600px;height:52px\" srcset=\"https:\/\/dobrzyniewo.archibial.pl\/wp-content\/uploads\/2019\/10\/projekt.png 771w, https:\/\/dobrzyniewo.archibial.pl\/wp-content\/uploads\/2019\/10\/projekt-300x26.png 300w, https:\/\/dobrzyniewo.archibial.pl\/wp-content\/uploads\/2019\/10\/projekt-768x67.png 768w\" sizes=\"auto, (max-width: 771px) 100vw, 771px\" \/><figcaption class=\"wp-element-caption\"> <a href=\"https:\/\/dobrzyniewo.archibial.pl\/index.php\/projekt\/\">Projekt pt.:\u201eKonserwacja zabytkowej ambony i \u0142aw kolatorskich w ko\u015bciele p.w. Zwiastowania N.M.P. w Dobrzyniewie Ko\u015bcielnym\u201d<\/a><\/figcaption><\/figure>\n","protected":false},"excerpt":{"rendered":"<p>Parafia Rzymskokatolicka pod wezwaniem Zwiastowania Naj\u015bwi\u0119tszej Maryi Panny w Dobrzyniewie Ko\u015bcielnymDobrzyniewo Ko\u015bcielne 3916-002 Dobrzyniewo Du\u017cetel.: +48 85 71 97 539 www: https:\/\/dobrzyniewo.archibial.pl\/e-mail: dobrzyniewo@archibial.plFacebook: https:\/\/www.facebook.com\/zwiastowanieNMP.Dobrzyniewo\/YouTube: https:\/\/www.youtube.com\/channel\/UCxwPE0W37QEByyOI0nrxmSQ\/featured&hellip;<\/p>\n","protected":false},"author":1,"featured_media":0,"parent":455,"menu_order":0,"comment_status":"closed","ping_status":"closed","template":"","meta":{"_monsterinsights_skip_tracking":false,"_monsterinsights_sitenote_active":false,"_monsterinsights_sitenote_note":"","_monsterinsights_sitenote_category":0,"ngg_post_thumbnail":0,"footnotes":""},"class_list":["post-21","page","type-page","status-publish","hentry"],"_links":{"self":[{"href":"https:\/\/dobrzyniewo.archibial.pl\/index.php\/wp-json\/wp\/v2\/pages\/21","targetHints":{"allow":["GET"]}}],"collection":[{"href":"https:\/\/dobrzyniewo.archibial.pl\/index.php\/wp-json\/wp\/v2\/pages"}],"about":[{"href":"https:\/\/dobrzyniewo.archibial.pl\/index.php\/wp-json\/wp\/v2\/types\/page"}],"author":[{"embeddable":true,"href":"https:\/\/dobrzyniewo.archibial.pl\/index.php\/wp-json\/wp\/v2\/users\/1"}],"replies":[{"embeddable":true,"href":"https:\/\/dobrzyniewo.archibial.pl\/index.php\/wp-json\/wp\/v2\/comments?post=21"}],"version-history":[{"count":20,"href":"https:\/\/dobrzyniewo.archibial.pl\/index.php\/wp-json\/wp\/v2\/pages\/21\/revisions"}],"predecessor-version":[{"id":6252,"href":"https:\/\/dobrzyniewo.archibial.pl\/index.php\/wp-json\/wp\/v2\/pages\/21\/revisions\/6252"}],"up":[{"embeddable":true,"href":"https:\/\/dobrzyniewo.archibial.pl\/index.php\/wp-json\/wp\/v2\/pages\/455"}],"wp:attachment":[{"href":"https:\/\/dobrzyniewo.archibial.pl\/index.php\/wp-json\/wp\/v2\/media?parent=21"}],"curies":[{"name":"wp","href":"https:\/\/api.w.org\/{rel}","templated":true}]}}