{"id":1105,"date":"2019-10-29T09:37:35","date_gmt":"2019-10-29T08:37:35","guid":{"rendered":"https:\/\/dobrzyniewo.archibial.pl\/?page_id=1105"},"modified":"2019-11-08T09:09:24","modified_gmt":"2019-11-08T08:09:24","slug":"repertuar","status":"publish","type":"page","link":"https:\/\/dobrzyniewo.archibial.pl\/index.php\/chor-parafialny\/repertuar\/","title":{"rendered":"Repertuar"},"content":{"rendered":"\n<p><strong>Sta\u0142e cz\u0119\u015bci Mszy \u015awi\u0119tej<\/strong><\/p>\n\n\n\n<ol class=\"wp-block-list\"><li>Kyrie Eleison<\/li><li>Sanctus, Sanctus<\/li><li>Agnus Dei<\/li><li>Aklamacja przed Ewangeli\u0105: Chwa\u0142a Tobie, Alleluja<\/li><li>Amen<\/li><\/ol>\n\n\n\n<p><strong>Pie\u015bni Liturgiczne<\/strong><\/p>\n\n\n\n<ol class=\"wp-block-list\"><li>Ludu kap\u0142a\u0144ski                     <\/li><li>Na ofiarowanie                     <\/li><li>Zbli\u017cam si\u0119 w pokorze              <\/li><li>Jezu w hostii utajony              <\/li><li>Witaj pokarmie                         <\/li><li>Skosztujcie i zobaczcie \u2013 psalm 34     <\/li><li>Kiedy razem si\u0119 schodzimy              <\/li><li>W tobie jest \u015bwiat\u0142o                   <\/li><li>Jezu ufam Tobie                            <\/li><li>Z Tob\u0105 ciemno\u015b\u0107                            <\/li><li>Ty dasz mi pok\u00f3j serca                     <\/li><li>Dzi\u0119ki Ci Panie                            <\/li><li>Pan jest moc\u0105                                  <\/li><li>De profundis                                   <\/li><li>G\u0142o\u015b imi\u0119 Pana                                 <\/li><\/ol>\n\n\n\n<p><strong> Kol\u0119dy<\/strong><\/p>\n\n\n\n<ol class=\"wp-block-list\"><li>Bracia patrzcie jeno <\/li><li>Christus natus est nobis  <\/li><li>Cicha noc                              <\/li><li>Dzisiaj w Betlejem                     <\/li><li>Gdy si\u0119 Chrystus rodzi                 <\/li><li>Gore gwiazda                           <\/li><li>Lulaj\u017ce Jezuniu                            <\/li><li>Mizerna cicha                              <\/li><li>Narodzi\u0142 si\u0119 nam Zbawiciel                 <\/li><li>Prowad\u017a gwiazdo                            <\/li><li>Przybie\u017celi do Betlejem<\/li><\/ol>\n\n\n\n<p> <strong>Pie\u015bni Wielkopostne<\/strong><\/p>\n\n\n\n<ol class=\"wp-block-list\"><li>M\u0119ka Pa\u0144ska                          <\/li><li>Krzy\u017cu Chrystusa                     <\/li><li>Krzy\u017cu \u015awi\u0119ty                        <\/li><li>O krwi najdro\u017csza                    <\/li><li>Crucem tuam                              <\/li><li>Odszed\u0142 Pasterz od nas                   <\/li><li>Wisi na Krzy\u017cu                           <\/li><li>Pie\u015bni Wielkanocne                       <\/li><li>Alleluja! Jezus \u017cyje<\/li><li>Psalm 148           <\/li><li>Rezurekcja          <\/li><li>Surrexit Christus   <\/li><li>Zwyci\u0119zca \u015bmierci       <\/li><li>Oto jest dzie\u0144          <\/li><\/ol>\n\n\n\n<p> <strong>Pie\u015bni Maryjne<\/strong><\/p>\n\n\n\n<ol class=\"wp-block-list\"><li>Bogurodzica<\/li><li>Ave Maria \u2013 z Lourdes                   <\/li><li>B\u0142ogos\u0142awiona                           <\/li><li>Kr\u00f3lowo nieba,Pani anio\u0142\u00f3w             <\/li><li>O Matko mi\u0142o\u015bciwa                       <\/li><li>Rozpozna\u0107 si\u0119 daj Maryjo                    <\/li><li>O Pani ufno\u015b\u0107 nasza                         <\/li><li>Wspania\u0142a Matko                             <\/li><li>Maryjo \u015bliczna Pani                         <\/li><li>Gdy serce Twoje                                <\/li><li>Panno pe\u0142na \u0142aski                              <\/li><li>Czarna Madonna                                 <\/li><li>Witaj Gwiazdo morza <\/li><\/ol>\n\n\n\n<p> <strong>Pie\u015bni Religijne<\/strong><\/p>\n\n\n\n<ol class=\"wp-block-list\"><li> Nie l\u0119kajcie si\u0119                         <\/li><li>Twoja Mi\u0142o\u015b\u0107                              <\/li><li>B\u00f3g bogaty w mi\u0142osierdzie                 <\/li><li>Oka\u017c mi Bo\u017ce Mi\u0142osierdzie                 <\/li><li>Nie l\u0119kajcie si\u0119 \u2013 Lednica                    <\/li><li>P\u00f3ki morze                                    <\/li><li>Linoskoczek                                   <\/li><li>Ty tylko mnie poprowad\u017a                       <\/li><li>Emanuel                                          <\/li><li>T\u0142umy serc                                       <\/li><li>Zaufaj Panu                                      <\/li><li>Moja Barka\n<\/li><li>Niby Echo                                     <\/li><li>Znak Pokoju <\/li><\/ol>\n\n\n\n<p> <strong>Pie\u015bni Patriotyczne<\/strong><\/p>\n\n\n\n<ol class=\"wp-block-list\"><li>Rota<\/li><li>Bo\u017ce co\u015b Polsk\u0119<\/li><\/ol>\n\n\n\n<p> <strong>Pie\u015bni Ludowe<\/strong><\/p>\n\n\n\n<ol class=\"wp-block-list\"><li>Na nowej g\u00f3rze<\/li><li>U m\u0142ynarecki<\/li><li>Czerwone jab\u0142uszko<\/li><\/ol>\n\n\n\n<figure class=\"wp-block-image\"><img loading=\"lazy\" decoding=\"async\" width=\"577\" height=\"498\" src=\"https:\/\/dobrzyniewo.archibial.pl\/wp-content\/uploads\/2019\/11\/chor.jpg\" alt=\"\" class=\"wp-image-2182\" srcset=\"https:\/\/dobrzyniewo.archibial.pl\/wp-content\/uploads\/2019\/11\/chor.jpg 577w, https:\/\/dobrzyniewo.archibial.pl\/wp-content\/uploads\/2019\/11\/chor-300x259.jpg 300w\" sizes=\"auto, (max-width: 577px) 100vw, 577px\" \/><\/figure>\n","protected":false},"excerpt":{"rendered":"<p>Sta\u0142e cz\u0119\u015bci Mszy \u015awi\u0119tej Kyrie Eleison Sanctus, Sanctus Agnus Dei Aklamacja przed Ewangeli\u0105: Chwa\u0142a Tobie, Alleluja Amen Pie\u015bni Liturgiczne Ludu kap\u0142a\u0144ski Na ofiarowanie Zbli\u017cam si\u0119&hellip;<\/p>\n","protected":false},"author":1,"featured_media":0,"parent":301,"menu_order":0,"comment_status":"closed","ping_status":"closed","template":"","meta":{"_monsterinsights_skip_tracking":false,"_monsterinsights_sitenote_active":false,"_monsterinsights_sitenote_note":"","_monsterinsights_sitenote_category":0,"ngg_post_thumbnail":0,"footnotes":""},"class_list":["post-1105","page","type-page","status-publish","hentry"],"_links":{"self":[{"href":"https:\/\/dobrzyniewo.archibial.pl\/index.php\/wp-json\/wp\/v2\/pages\/1105","targetHints":{"allow":["GET"]}}],"collection":[{"href":"https:\/\/dobrzyniewo.archibial.pl\/index.php\/wp-json\/wp\/v2\/pages"}],"about":[{"href":"https:\/\/dobrzyniewo.archibial.pl\/index.php\/wp-json\/wp\/v2\/types\/page"}],"author":[{"embeddable":true,"href":"https:\/\/dobrzyniewo.archibial.pl\/index.php\/wp-json\/wp\/v2\/users\/1"}],"replies":[{"embeddable":true,"href":"https:\/\/dobrzyniewo.archibial.pl\/index.php\/wp-json\/wp\/v2\/comments?post=1105"}],"version-history":[{"count":4,"href":"https:\/\/dobrzyniewo.archibial.pl\/index.php\/wp-json\/wp\/v2\/pages\/1105\/revisions"}],"predecessor-version":[{"id":2183,"href":"https:\/\/dobrzyniewo.archibial.pl\/index.php\/wp-json\/wp\/v2\/pages\/1105\/revisions\/2183"}],"up":[{"embeddable":true,"href":"https:\/\/dobrzyniewo.archibial.pl\/index.php\/wp-json\/wp\/v2\/pages\/301"}],"wp:attachment":[{"href":"https:\/\/dobrzyniewo.archibial.pl\/index.php\/wp-json\/wp\/v2\/media?parent=1105"}],"curies":[{"name":"wp","href":"https:\/\/api.w.org\/{rel}","templated":true}]}}